{"id":1774,"date":"2025-05-20T11:34:36","date_gmt":"2025-05-20T11:34:36","guid":{"rendered":"https:\/\/rogia.it\/?page_id=1774"},"modified":"2026-01-08T11:33:53","modified_gmt":"2026-01-08T11:33:53","slug":"privacy-policy","status":"publish","type":"page","link":"https:\/\/rogia.it\/en\/privacy-policy\/","title":{"rendered":"Privacy Policy"},"content":{"rendered":"\t\t<div data-elementor-type=\"wp-page\" data-elementor-id=\"1774\" class=\"elementor elementor-1774 elementor-3\" data-elementor-post-type=\"page\">\n\t\t\t\t<div class=\"elementor-element elementor-element-5503d738 e-flex e-con-boxed e-con e-parent\" data-id=\"5503d738\" data-element_type=\"container\" data-e-type=\"container\">\n\t\t\t\t\t<div class=\"e-con-inner\">\n\t\t\t\t<div class=\"elementor-element elementor-element-3304f432 elementor-widget elementor-widget-text-editor\" data-id=\"3304f432\" data-element_type=\"widget\" data-e-type=\"widget\" data-widget_type=\"text-editor.default\">\n\t\t\t\t<div class=\"elementor-widget-container\">\n\t\t\t\t\t\t\t\t\t\n<h4>INFORMATIVA IN MERITO AL TRATTAMENTO DEI DATI PERSONALI<\/h4>\n<h5>ai sensi dell&#8217; art. 13 del Regolamento (UE) 2016\/679 del Parlamento europeo e del Consiglio del 27 aprile 2016 relativo alla protezione delle persone fisiche con riguardo al trattamento dei dati personali (in breve &#8220;GDPR&#8221;)<\/h5>\n<hr \/>\n<p>Gentili Clienti,<br \/>dal 25 maggio 2018 \u00e8 divenuto pienamente effettivo ed applicabile il sopra indicato GDPR, normativa che mira a rendere pi\u00f9 trasparente il comportamento delle imprese rispetto alle informazioni riguardanti le persone fisiche (interessati) che vengono utilizzate dalle imprese per l&#8217;erogazione dei servizi richiesti.<br \/>Nel rispetto della normativa europea e italiana vigente, la nostra Societ\u00e0 fa in modo che sia garantita la protezione e mantenuta la riservatezza e integrit\u00e0 dei Vostri dati personali. A tal fine, abbiamo adottato specifiche misure organizzative e di sicurezza con riferimento alle attivit\u00e0 di raccolta, utilizzo, conservazione e cancellazione delle informazioni personali che ci vengono fornite dagli interessati\u2026 vale a dire da voi.<br \/>Vi invitiamo a prendere visione di questa breve informativa, contenente indicazioni utili sulle modalit\u00e0 con cui trattiamo i Vostri dati personali, sui motivi per cui Vi chiediamo di fornirceli e su come potete esercitare i diritti a Voi riconosciuti dalla normativa vigente.<\/p>\n<h4>1. Titolare del trattamento<\/h4>\n<p>Titolare del trattamento \u00e8 la Societ\u00e0\u00a0<strong>Rogia Soluzioni Immobiliari<\/strong>,\u00a0<strong>Via Roma 8 &#8211; 01019 Vetralla (VT)<\/strong>,\u00a0<strong>01378870560<\/strong>, alla quale ci si potr\u00e0 rivolgere per esercitare i diritti riconosciuti dal GDPR ai seguenti recapiti:\u00a0, &#8211; E-mail:\u00a0<strong>immobiliare@rogia.it<\/strong>, &#8211; PEC:\u00a0<strong>immobiliare@rogia.it<\/strong>. La societ\u00e0 ha progettato e sviluppato un servizio integrato di ricerca e consultazione, con accesso da remoto (il &#8220;Servizio&#8221;), mediante apposita piattaforma software on-line che consente la ricerca all&#8217;interno della banca dati e la visualizzazione dei risultati (la &#8220;Piattaforma software&#8221;), di dizionari tematici multimediali; il Servizio viene gestito ed erogato attraverso il sito internet\u00a0<strong>www.rogia.it<\/strong>. (il &#8220;Sito&#8221;).<\/p>\n<h4>2. Responsabili del trattamento<\/h4>\n<p>Per lo svolgimento di alcune attivit\u00e0 di trattamento (quali la gestione delle operazioni di pagamento con modalit\u00e0 elettroniche, la gestione degli adempimenti fiscali connessi alla fatturazione, la conservazione dei dati su server) ci avvaliamo di soggetti esterni, appositamente individuati e nominati Responsabili del trattamento, i quali garantiscono \u2013 in adempimento del contratto da ciascuno di essi sottoscritto con il Titolare \u2013 che il trattamento dei dati venga effettuato nel rispetto delle istruzioni ricevute, assicurando la tutela dei diritti degli interessati e la protezione dei loro dati personali.<\/p>\n<h4>3. Quali dati personali vengono raccolti e trattati?<\/h4>\n<p>I dati personali che la Societ\u00e0 utilizza sono per lo pi\u00f9 dati comuni; in particolare, raccogliamo e trattiamo direttamente i Vostri dati strettamente necessari all&#8217;esecuzione del contratto per il quale vengono richiesti \/ conferiti e\/o per l&#8217;adempimento degli obblighi di legge (in materia fiscale), nonch\u00e9 per l&#8217;erogazione del Servizio ai termini e condizioni d&#8217;uso stabiliti.A titolo esemplificativo, i dati che trattiamo includono:<\/p>\n<ol type=\"a\">\n<li>nome e cognome, codice fiscale, ragione sociale;<\/li>\n<li>dati personali di contatto (indirizzo, numero di telefono, indirizzo e-mail);<\/li>\n<li>dati relativi al pagamento del servizio (numero della carta di credito o di debito, il nome dell&#8217;intestatario, la data di scadenza e il codice CVV);<\/li>\n<li>credenziali di accesso (&#8220;user id&#8221; e &#8220;password&#8221;), di carattere strettamente riservato, associate all&#8217;account personale dedicato, creato per poter usufruire del servizio;<\/li>\n<li>dati la cui trasmissione \u00e8 implicita nell&#8217;uso dei protocolli di comunicazione di internet (indirizzi IP, nomi a dominio dei computer utilizzati dagli Utenti e Utilizzatori che navigano nel sito o gli indirizzi in notazione URI &#8211; Uniform Resource Identifier), acquisiti dai sistemi informatici e dalle piattaforme di commercio elettronico preposte al funzionamento del Sito e della connessa Piattaforma software;<\/li>\n<li>informazioni dell&#8217;account che consentono la personalizzazione del Servizio, in modo da migliorarne l&#8217;usufruibilit\u00e0 da parte degli Utenti e degli Utilizzatori;<\/li>\n<li>informazioni relative all&#8217;utilizzo del Servizio (numero e durata degli accessi, applicazioni utilizzate, ricerche effettuate).<\/li>\n<\/ol>\n<h4>4. Perch\u00e9 trattiamo i dati personali?<\/h4>\n<p>Raccogliamo e gestiamo i Vostri dati all&#8217;esclusivo fine di consentirvi di usufruire, attraverso la registrazione e la creazione dell&#8217;account utente per l&#8217;accesso al Sito, del Servizio oggetto di contratto.<br \/>In dettaglio, i Vostri dati personali vengono trattati esclusivamente per le seguenti finalit\u00e0:<\/p>\n<ul>\n<li>perseguimento di un legittimo interesse della Societ\u00e0;<\/li>\n<li>esecuzione del contratto per l&#8217;erogazione del servizio richiesto;<\/li>\n<li>ricezione con modalit\u00e0 elettronica del pagamento del servizio\u00a0(1);<\/li>\n<li>registrazione contabile della prestazione resa \/ pagamento ricevuto e adempimento dei connessi obblighi in materia fiscale;<\/li>\n<li>gestione dell&#8217;anagrafica di clienti;<\/li>\n<li>invio di comunicazioni di servizio;<\/li>\n<li>effettuazione di attivit\u00e0 statistiche, proporzionate alle finalit\u00e0 perseguite e nel rispetto dei diritti fondamentali e degli interessi degli Utenti;<\/li>\n<li>personalizzazione e miglioramento del Servizio, a vantaggio degli Utenti e degli Utilizzatori.<\/li>\n<\/ul>\n<p><strong>1.<\/strong>\u00a0N.B. Quando viene effettuato il pagamento con carta di credito (o prepagata), l&#8217;operazione viene gestita da un provider di servizi esterno.<\/p>\n<h4>5. Su quali basi effettuiamo i trattamenti?<\/h4>\n<p>I diversi trattamenti sopra indicati, a seconda della tipologia di dati a cui si riferiscono e delle finalit\u00e0 a cui tendono:<\/p>\n<ol type=\"a\">\n<li>sono necessari per dare esecuzione al contratto sottoscritto con la Societ\u00e0;<\/li>\n<li>sono necessari per perseguire un legittimo interesse della Societ\u00e0 (in quanto Titolare del trattamento);<\/li>\n<li>sono necessari per consentire l&#8217;adempimento egli obblighi di legge a cui la Societ\u00e0 \u00e8 soggetta, tra cui quelli in materia fiscale;<\/li>\n<li>si fondano sul consenso preventivo liberamente espresso del Cliente.<\/li>\n<\/ol>\n<h4>6. Siete tenuti a fornirci i dati personali richiesti?<\/h4>\n<p>Non siete obbligati a fornire i vostri dati personali; tuttavia, essi sono strettamente necessari per dare esecuzione al contratto avente ad oggetto il Servizio che ci richiedete; pertanto, l\u00e0 dove non venissero forniti, la Societ\u00e0 non potrebbe dare esecuzione al contratto.<br \/>Quanto, invece, ai dati di cui alle lettere f) e g), si precisa che il rendere disponibile il trattamento di tali dati da parte della Societ\u00e0 \u00e8 facoltativo e che il trattamento \u00e8 subordinato al Vostro consenso; tuttavia, in caso di diniego del consenso al trattamento, precisiamo \u2013 declinando ogni responsabilit\u00e0 al riguardo \u2013 che le funzionalit\u00e0 del Sito e, quindi, l&#8217;erogazione del Servizio potrebbero subire alcune limitazioni.<br \/>Il consenso potr\u00e0 essere revocato in qualsiasi momento, su semplice richiesta rivolta alla Societ\u00e0.<\/p>\n<h4>7. Come vengono trattati i vostri dati?<\/h4>\n<p>Il trattamento dei dati consiste nella raccolta, registrazione, organizzazione, consultazione, elaborazione, conservazione, comunicazione, cancellazione.<br \/>Il trattamento viene effettuato su supporti sia informatici che cartacei, nonch\u00e9 attraverso mezzi telematici (e-mail): conserviamo la documentazione rilevante (contenente dati personali) in formato digitale, mediante archiviazione in apposite folder sul server interno aziendale, e in formato cartaceo, mediante archiviazione dei documenti (contratti di licenza d&#8217;uso aventi ad oggetto il Servizio) in faldoni contenuti in luoghi non accessibili al pubblico.<br \/>Inoltre, organizziamo i dati mediante compilazione di appositi registri (fogli excel), tenuti in formato digitale, con modalit\u00e0 tali da non consentire l&#8217;immediata identificazione degli interessati mediante univoco riferimento agli stessi di tutte le informazioni che li riguardano.<br \/>Tutti i dati personali forniti mediante la procedura di registrazione e la creazione dell&#8217;account utente per l&#8217;accesso al Sito procedure sono registrati su database elettronici installati su server in cloud gestiti dalla Societ\u00e0\u00a0<strong>Rogia Soluzioni Immobiliari<\/strong>. (Responsabile del trattamento) i cui data center sono fisicamente situati in Europa.<br \/>Non raccogliamo i Vostri dati per effettuare attivit\u00e0 di marketing diretto; effettuiamo attivit\u00e0 di analisi statistica con esclusivo riferimento ai dati di cui al precedente par. 2, lettere f) e g).<br \/>Trattiamo i Vostri dati mediante i nostri computer aziendali: \u00e8 consentito un limitato accesso ai dati da remoto, esclusivamente per consentire la gestione del Servizio da parte di soggetti che non operano presso gli uffici centrali della Societ\u00e0 (bens\u00ec in forma delocalizzata), in ogni caso attraverso connessioni internet sicure. \u00c8 escluso l&#8217;accesso ai dati mediante l&#8217;utilizzo di dispositivi mobili (smartphone, tablet), o di computer diversi da quelli aziendali, o mediante connessioni internet ubicate in locali pubblici o aperti al pubblico.<br \/>Ad eccezione delle categorie di dati lettere e), f) e g) \u2013 rispetto al trattamento dei quali vengono utilizzati sistemi \/ processi automatici \u2013 i Vostri dati personali sono sempre trattati attraverso l&#8217;intervento umano.<br \/><u>Cookie Law<\/u><br \/>Un &#8220;cookie&#8221; \u00e8 una piccola quantit\u00e0 di dati che vengono inviati al browser dell&#8217;utente da un server Web e che vengono successivamente memorizzati sul disco fisso del suo computer.<br \/>Il Sito utilizza dei cookie per agevolare la navigazione sul Sito, memorizzando e talvolta tenendo traccia dei dati relativi agli Utenti e Utilizzatori, ai fini strettamente necessari al funzionamento delle applicazioni di sistema connesse al funzionamento del Sito stesso e alla consultazione delle Opere (c.d. &#8220;Cookie applicativi&#8221;). Il Sito utilizza altres\u00ec il codice e i log &#8220;Google Analytics&#8221;\u00a0(2)\u00a0per le statistiche.I cookie utilizzati consentono, in particolare alla Societ\u00e0 e al Sito di:<\/p>\n<ul>\n<li>accedere alle informazioni dei diversi account in modo da offrire un servizio personalizzato migliore (tale cookie viene impostato quando l&#8217;utente si registra e modificato nel corso delle visite dello stesso al Sito);<\/li>\n<li>analizzare il numero di accessi al Sito, la durata degli stessi e le funzioni utilizzate (ad ogni browser che accede viene inviato un solo cookie, utilizzato per quantificare l&#8217;uso ripetuto dei servizi).<\/li>\n<\/ul>\n<p>Non verranno mai rilevati e memorizzati attraverso i cookie dati personali quali, ad esempio, nome, cognome, indirizzo e-mail o numero di telefono.<br \/>I cookie possono essere disattivati\u00a0(3)\u00a0ma, laddove venisse effettuata tale scelta, non potremmo svolgere le attivit\u00e0 sopra indicate e, quindi, il Servizio reso in favore degli Utenti e Utilizzatori ne risentirebbe.<br \/>Per ulteriori informazioni sui cookie \u00e8 possibile consultare le FAQ del Garante per la protezione dei dati personali.<br \/><strong>2.<\/strong>\u00a0Google Analytics \u00e8 un servizio di analisi web fornito da Google Inc. (&#8220;Google&#8221;). Google Analytics utilizza i dati personali raccolti allo scopo di tracciare ed esaminare l&#8217;utilizzo dello spazio on-line su cui opera il Sito, raccogliendo e analizzando in forma anonima le informazioni (compreso l&#8217;indirizzo IP) sui comportamenti degli Utenti e Utilizzatori. Il Sito non utilizza (e non consente a terzi di utilizzare) lo strumento di analisi di Google per monitorare o per raccogliere informazioni personali di identificazione: Google Analytics, pertanto, non associa l&#8217;indirizzo IP a nessun altro dato posseduto da Google n\u00e9 cerca di collegare un indirizzo IP con l&#8217;identit\u00e0 di un utente.<br \/><strong>3.<\/strong>\u00a0Per la disattivazione o l&#8217;attivazione dei cookie sono disponibili le seguenti guide per i principali browser utilizzati: Chrome,Internet Explorer,Firefox,Safari,Android,iPhone,iPad.<br \/><a href=\"https:\/\/banner.gdprincloud.eu\/MainProject\/php\/ajax_external_action.php?ID_USER=393458595a313936384058595a3139363821&amp;HOST_NAME=&amp;UUID=&amp;CONFIG=3658595a313936384058595a3139363821&amp;PATH=6469676974696e672f58595a313936384058595a3139363821&amp;job=user_gdpr_privacy_policy_autogenerated&amp;FORMATO=2#\">Visualizza cookie<\/a><\/p>\n<h4>8. A chi comunichiamo i dati?<\/h4>\n<p>I dati vengono trattati esclusivamente dal Titolare, dai Responsabili del trattamento individuati e appositamente nominati e dal personale della Societ\u00e0 che si occupa della gestione del Sito, della Piattaforma software e dei servizi di assistenza connessi, espressamente autorizzato al trattamento; i dati non vengono mai trasferiti a soggetti terzi aventi sede o comunque operanti in Paesi al di fuori dell&#8217;Unione Europea, all&#8217;infuori di Google Inc. &#8211; limitatamente alle funzionalit\u00e0 di Google Analytics \u2013 che tuttavia ha sede in un Paese (USA) che Garantisce un livello di protezione adeguato (essendo incluso all&#8217;interno della c.d. Privacyshield List https:\/\/www.privacyshield.gov\/welcome).<br \/>Inoltre, i dati, su espressa richiesta, nei limiti e per le finalit\u00e0 previste dalla legge, potranno essere comunicati o comunque resi disponibili \/ accessibili alle Pubbliche Autorit\u00e0 (ad esempio, polizia postale, amministrazione fiscale, autorit\u00e0 giudiziaria).<\/p>\n<h4>9. Per quanto tempo vengono conservati i dati personali?<\/h4>\n<p>I dati personali raccolti di cui alle lettere a), b) e c) del precedente par. 2 vengono conservati per il tempo richiesto dalla legge (con riferimento all&#8217;esatta esecuzione del contratto, anche ai sensi dell&#8217;art. 2946 cod. civ.), nonch\u00e9 ai fini dell&#8217;adempimento degli obblighi in materia fiscale; al termine del periodo in questione &#8211; e comunque, decorsi 10 anni dalla raccolta presso gli interessati \u2013 i dati personali vengono cancellati con modalit\u00e0 tali da assicurare che non vengano dispersi o diffusi, neanche accidentalmente, a terzi.<br \/>I dati personali di cui alla lettera d) del precedente par. 2 vengono conservati per tutta la durata del Servizio e per il periodo di 12 mesi successivi alla cessazione: quindi vengono cancellati. I dati personali di cui alle lettere e), f) e g) del precedente par. 2 vengono conservati per il periodo massimo di 26 mesi dalla loro acquisizione e poi cancellati automaticamente da Google Inc.<\/p>\n<h4>10. Quali sono i Vostri diritti?<\/h4>\n<p>Il GDPR riconosce agli interessati, e noi ci impegniamo a garantire il rispetto e il pieno, legittimo, esercizio, dei seguenti diritti:<br \/><u>Diritto di accedere e ottenere una copia dei dati personali (art. 15)<\/u><br \/>Gli interessati hanno il diritto di richiedere la conferma che stiamo trattando qualsivoglia loro dato personale. In tal caso, potranno avere accesso ai loro dati personali e ad alcune informazioni in merito al loro trattamento. In alcuni casi, potranno richiedere alla Societ\u00e0 di fornire una copia elettronica dei dati personali trattati.<br \/><u>Diritto di rettifica dei tuoi dati personali (art. 16)<\/u><br \/>Nel caso in cui i dati personali in nostro possesso si rivelino incompleti o non corretti, gli interessati hanno la possibilit\u00e0 di richiederci l&#8217;aggiornamento di tali dati oppure la loro correzione.<br \/><u>Diritto alla limitazione e alla cancellazione dei dati (art. 18 e 17)<\/u><br \/>In alcune circostanze gli interessati hanno il diritto di richiedere una limitazione del trattamento dei loro dati personali e\/o la cancellazione dei medesimi. Hanno la facolt\u00e0 di presentare questa richiesta in qualsiasi momento e la Societ\u00e0 valuter\u00e0 la possibilit\u00e0 di accogliere la stessa; fermo restando che tuttavia tale diritto deve essere contemperato con diritti o obblighi giuridici derivanti dall&#8217;esecuzione del contratto e\/o dall&#8217;adempimento di obblighi di legge: motivo per cui la Societ\u00e0 potrebbe dover conservare i dati in questione. Altrimenti, la Societ\u00e0 provveder\u00e0 immediatamente a dare seguito alla richiesta degli interessati, dandone comunicazione anche al\/i Responsabile\/i del trattamento (affinch\u00e9 provveda\/no a sua \/ loro volta alla cancellazione dei dati).<br \/><u>Diritto alla portabilit\u00e0 (art. 20)<\/u><br \/>Gli interessati hanno il diritto di richiedere e ricevere gratuitamente (tranne il rimborso delle spese, nel caso ad esempio di dati forniti su compact disc e spediti), i dati in forma strutturata e leggibile da un elaboratore di dati in un formato comunemente usato (&#8220;formato strutturato, di uso comune e leggibile da dispositivo automatico&#8221;), nonch\u00e9 di trasmettere i dati personali da un Titolare ad un altro &#8220;senza ostacoli&#8221;.<br \/><u>Diritto di proporre reclamo al Garante Privacy (art. 77)<\/u><br \/>Qualora ritengano che il trattamento dei propri dati sia effettuato in violazione delle previsioni del GDPR, fermo il diritto di rivolgersi alle competenti autorit\u00e0 giudiziarie civili o amministrative, gli interessati possono rivolgersi e proporre reclamo all&#8217;Autorit\u00e0 Garante per la protezione dei dati personali, per quanto di sua competenza.<\/p>\n<h4>CONSENSO AL TRATTAMENTO DEI DATI PERSONALI<\/h4>\n<p>Avendo preso visione dell&#8217;Informativa sul trattamento dei dati personali che precede, essendo consapevole della tipologia di dati e delle modalit\u00e0 di trattamento, con riferimento all&#8217;erogazione del Servizio da me richiesto e dei diritti a me spettanti, con la sottoscrizione del presente form io, sottoscritto, con esclusivo riferimento alle categorie di dati di cui al par. 2, lett. f) e g) dell&#8217;Informativa che precede,<\/p>\n<ul>\n<li><strong>presto<\/strong>\u00a0il consenso al trattamento, effettuato tramite cookie, consistente nell&#8217;accesso e nell&#8217;elaborazione delle informazioni dei diversi account in modo da offrire un servizio personalizzato migliore (tale cookie viene impostato quando l&#8217;utente si registra e modificato nel corso delle visite dello stesso al Sito);<\/li>\n<li><strong>presto<\/strong>\u00a0il consenso al trattamento, effettuato tramite cookie, consistente nell&#8217;accesso alle informazioni ai fini di analisi del numero di accessi al Sito, della durata degli stessi e delle funzioni utilizzate (ad ogni browser che accede viene inviato un solo cookie, utilizzato per quantificare l&#8217;uso ripetuto dei servizi).<\/li>\n<\/ul>\n\n<p>\u00a0<\/p>\n\t\t\t\t\t\t\t\t<\/div>\n\t\t\t\t<\/div>\n\t\t\t\t\t<\/div>\n\t\t\t\t<\/div>\n\t\t\t\t<\/div>\n\t\t","protected":false},"excerpt":{"rendered":"","protected":false},"author":1,"featured_media":0,"parent":0,"menu_order":0,"comment_status":"closed","ping_status":"closed","template":"","meta":{"footnotes":""},"class_list":["post-1774","page","type-page","status-publish","hentry"],"_links":{"self":[{"href":"https:\/\/rogia.it\/en\/wp-json\/wp\/v2\/pages\/1774","targetHints":{"allow":["GET"]}}],"collection":[{"href":"https:\/\/rogia.it\/en\/wp-json\/wp\/v2\/pages"}],"about":[{"href":"https:\/\/rogia.it\/en\/wp-json\/wp\/v2\/types\/page"}],"author":[{"embeddable":true,"href":"https:\/\/rogia.it\/en\/wp-json\/wp\/v2\/users\/1"}],"replies":[{"embeddable":true,"href":"https:\/\/rogia.it\/en\/wp-json\/wp\/v2\/comments?post=1774"}],"version-history":[{"count":1,"href":"https:\/\/rogia.it\/en\/wp-json\/wp\/v2\/pages\/1774\/revisions"}],"predecessor-version":[{"id":1775,"href":"https:\/\/rogia.it\/en\/wp-json\/wp\/v2\/pages\/1774\/revisions\/1775"}],"wp:attachment":[{"href":"https:\/\/rogia.it\/en\/wp-json\/wp\/v2\/media?parent=1774"}],"curies":[{"name":"wp","href":"https:\/\/api.w.org\/{rel}","templated":true}]}}